{"id":10902,"date":"2026-03-30T14:30:13","date_gmt":"2026-03-30T14:30:13","guid":{"rendered":"https:\/\/funydeco.com\/?post_type=product&#038;p=10902"},"modified":"2026-03-31T10:57:05","modified_gmt":"2026-03-31T10:57:05","slug":"female-animal-3d-statue-with-ice-cream","status":"publish","type":"product","link":"https:\/\/funydeco.com\/fr\/product\/female-animal-3d-statue-with-ice-cream\/","title":{"rendered":"Female Animal 3D Statue with Ice Cream"},"content":{"rendered":"<p><strong>Mat\u00e9riel<\/strong>: PETG r\u00e9sistant aux UV<\/p>\n<p>&nbsp;<\/p>\n<p><strong>Visages<\/strong>: coloriage manuel<\/p>\n<p><strong>\u00c9clairage<\/strong>: Non<\/p>\n<p><strong>Alimentation<\/strong>: Non<\/p>\n<p><strong>Consommation<\/strong>: Non<\/p>\n<p><strong>Accompagnements<\/strong>: peint pour correspondre \u00e0 la couleur du visage et prot\u00e9g\u00e9 par un vernis anti-UV<\/p>\n<p><strong>Imperm\u00e9abilisation<\/strong>Enti\u00e8rement \u00e9tanche avec rev\u00eatement anti-UV et isolation<\/p>\n<p><strong>C\u00e2ble<\/strong>: Non<\/p>\n<p><strong>A\u00e9rations<\/strong>: Non<\/p>\n<p><strong>Base<\/strong>: Rail de support m\u00e9tallique de 5 cm, solidement fix\u00e9 pour plus de stabilit\u00e9<\/p>\n<p><strong>Conception<\/strong>Fabriqu\u00e9 sur mesure selon les sp\u00e9cifications du client<\/p>","protected":false},"excerpt":{"rendered":"<p>A fun and eye-catching 3D figurine holding an ice cream. Perfect as a decorative piece to attract attention in shops, caf\u00e9s, or themed businesses.<\/p>","protected":false},"featured_media":10874,"comment_status":"open","ping_status":"closed","template":"","meta":[],"product_cat":[267],"product_tag":[],"class_list":{"0":"post-10902","1":"product","2":"type-product","3":"status-publish","4":"has-post-thumbnail","6":"product_cat-stop-decorative-sidewalk-3d-figurine-deco-3d","8":"first","9":"instock","10":"taxable","11":"shipping-taxable","12":"purchasable","13":"product-type-variable"},"yoast_head":"<!-- This site is optimized with the Yoast SEO plugin v27.4 - https:\/\/yoast.com\/product\/yoast-seo-wordpress\/ -->\n<title>Female Animal 3D Statue with Ice Cream - FunyDeco<\/title>\n<meta name=\"description\" content=\"A fun and eye-catching 3D figurine holding an ice cream. Perfect as a decorative piece to attract attention in shops, caf\u00e9s, or themed businesses.\" \/>\n<meta name=\"robots\" content=\"index, follow, max-snippet:-1, max-image-preview:large, max-video-preview:-1\" \/>\n<link rel=\"canonical\" href=\"https:\/\/funydeco.com\/fr\/produit\/female-animal-3d-statue-with-ice-cream\/\" \/>\n<meta property=\"og:locale\" content=\"fr_FR\" \/>\n<meta property=\"og:type\" content=\"article\" \/>\n<meta property=\"og:title\" content=\"Female Animal 3D Statue with Ice Cream - FunyDeco\" \/>\n<meta property=\"og:description\" content=\"A fun and eye-catching 3D figurine holding an ice cream. Perfect as a decorative piece to attract attention in shops, caf\u00e9s, or themed businesses.\" \/>\n<meta property=\"og:url\" content=\"https:\/\/funydeco.com\/fr\/produit\/female-animal-3d-statue-with-ice-cream\/\" \/>\n<meta property=\"og:site_name\" content=\"FunyDeco\" \/>\n<meta property=\"article:modified_time\" content=\"2026-03-31T10:57:05+00:00\" \/>\n<meta property=\"og:image\" content=\"https:\/\/funydeco.com\/wp-content\/uploads\/2026\/03\/stitch-girl-image-for-site.jpg\" \/>\n\t<meta property=\"og:image:width\" content=\"1087\" \/>\n\t<meta property=\"og:image:height\" content=\"1157\" \/>\n\t<meta property=\"og:image:type\" content=\"image\/jpeg\" \/>\n<meta name=\"twitter:card\" content=\"summary_large_image\" \/>\n<meta name=\"twitter:label1\" content=\"Dur\u00e9e de lecture estim\u00e9e\" \/>\n\t<meta name=\"twitter:data1\" content=\"1 minute\" \/>\n<script type=\"application\/ld+json\" class=\"yoast-schema-graph\">{\"@context\":\"https:\\\/\\\/schema.org\",\"@graph\":[{\"@type\":\"WebPage\",\"@id\":\"https:\\\/\\\/funydeco.com\\\/product\\\/female-animal-3d-statue-with-ice-cream\\\/\",\"url\":\"https:\\\/\\\/funydeco.com\\\/product\\\/female-animal-3d-statue-with-ice-cream\\\/\",\"name\":\"Female Animal 3D Statue with Ice Cream - FunyDeco\",\"isPartOf\":{\"@id\":\"https:\\\/\\\/funydeco.com\\\/#website\"},\"primaryImageOfPage\":{\"@id\":\"https:\\\/\\\/funydeco.com\\\/product\\\/female-animal-3d-statue-with-ice-cream\\\/#primaryimage\"},\"image\":{\"@id\":\"https:\\\/\\\/funydeco.com\\\/product\\\/female-animal-3d-statue-with-ice-cream\\\/#primaryimage\"},\"thumbnailUrl\":\"https:\\\/\\\/funydeco.com\\\/wp-content\\\/uploads\\\/2026\\\/03\\\/stitch-girl-image-for-site.jpg\",\"datePublished\":\"2026-03-30T14:30:13+00:00\",\"dateModified\":\"2026-03-31T10:57:05+00:00\",\"description\":\"A fun and eye-catching 3D figurine holding an ice cream. Perfect as a decorative piece to attract attention in shops, caf\u00e9s, or themed businesses.\",\"breadcrumb\":{\"@id\":\"https:\\\/\\\/funydeco.com\\\/product\\\/female-animal-3d-statue-with-ice-cream\\\/#breadcrumb\"},\"inLanguage\":\"fr-FR\",\"potentialAction\":[{\"@type\":\"ReadAction\",\"target\":[\"https:\\\/\\\/funydeco.com\\\/product\\\/female-animal-3d-statue-with-ice-cream\\\/\"]}]},{\"@type\":\"ImageObject\",\"inLanguage\":\"fr-FR\",\"@id\":\"https:\\\/\\\/funydeco.com\\\/product\\\/female-animal-3d-statue-with-ice-cream\\\/#primaryimage\",\"url\":\"https:\\\/\\\/funydeco.com\\\/wp-content\\\/uploads\\\/2026\\\/03\\\/stitch-girl-image-for-site.jpg\",\"contentUrl\":\"https:\\\/\\\/funydeco.com\\\/wp-content\\\/uploads\\\/2026\\\/03\\\/stitch-girl-image-for-site.jpg\",\"width\":1087,\"height\":1157},{\"@type\":\"BreadcrumbList\",\"@id\":\"https:\\\/\\\/funydeco.com\\\/product\\\/female-animal-3d-statue-with-ice-cream\\\/#breadcrumb\",\"itemListElement\":[{\"@type\":\"ListItem\",\"position\":1,\"name\":\"Home\",\"item\":\"https:\\\/\\\/funydeco.com\\\/\"},{\"@type\":\"ListItem\",\"position\":2,\"name\":\"Shop\",\"item\":\"https:\\\/\\\/funydeco.com\\\/it\\\/shop-3\\\/\"},{\"@type\":\"ListItem\",\"position\":3,\"name\":\"Female Animal 3D Statue with Ice Cream\"}]},{\"@type\":\"WebSite\",\"@id\":\"https:\\\/\\\/funydeco.com\\\/#website\",\"url\":\"https:\\\/\\\/funydeco.com\\\/\",\"name\":\"FunyDeco\",\"description\":\"The Best 3D Decorations in Europe\",\"publisher\":{\"@id\":\"https:\\\/\\\/funydeco.com\\\/#organization\"},\"potentialAction\":[{\"@type\":\"SearchAction\",\"target\":{\"@type\":\"EntryPoint\",\"urlTemplate\":\"https:\\\/\\\/funydeco.com\\\/?s={search_term_string}\"},\"query-input\":{\"@type\":\"PropertyValueSpecification\",\"valueRequired\":true,\"valueName\":\"search_term_string\"}}],\"inLanguage\":\"fr-FR\"},{\"@type\":\"Organization\",\"@id\":\"https:\\\/\\\/funydeco.com\\\/#organization\",\"name\":\"FunyDeco\",\"url\":\"https:\\\/\\\/funydeco.com\\\/\",\"logo\":{\"@type\":\"ImageObject\",\"inLanguage\":\"fr-FR\",\"@id\":\"https:\\\/\\\/funydeco.com\\\/#\\\/schema\\\/logo\\\/image\\\/\",\"url\":\"https:\\\/\\\/funydeco.com\\\/wp-content\\\/uploads\\\/2026\\\/02\\\/proto_logo_transparent_1.png\",\"contentUrl\":\"https:\\\/\\\/funydeco.com\\\/wp-content\\\/uploads\\\/2026\\\/02\\\/proto_logo_transparent_1.png\",\"width\":1536,\"height\":1024,\"caption\":\"FunyDeco\"},\"image\":{\"@id\":\"https:\\\/\\\/funydeco.com\\\/#\\\/schema\\\/logo\\\/image\\\/\"}}]}<\/script>\n<!-- \/ Yoast SEO plugin. -->","yoast_head_json":{"title":"Female Animal 3D Statue with Ice Cream - FunyDeco","description":"A fun and eye-catching 3D figurine holding an ice cream. Perfect as a decorative piece to attract attention in shops, caf\u00e9s, or themed businesses.","robots":{"index":"index","follow":"follow","max-snippet":"max-snippet:-1","max-image-preview":"max-image-preview:large","max-video-preview":"max-video-preview:-1"},"canonical":"https:\/\/funydeco.com\/fr\/produit\/female-animal-3d-statue-with-ice-cream\/","og_locale":"fr_FR","og_type":"article","og_title":"Female Animal 3D Statue with Ice Cream - FunyDeco","og_description":"A fun and eye-catching 3D figurine holding an ice cream. Perfect as a decorative piece to attract attention in shops, caf\u00e9s, or themed businesses.","og_url":"https:\/\/funydeco.com\/fr\/produit\/female-animal-3d-statue-with-ice-cream\/","og_site_name":"FunyDeco","article_modified_time":"2026-03-31T10:57:05+00:00","og_image":[{"width":1087,"height":1157,"url":"https:\/\/funydeco.com\/wp-content\/uploads\/2026\/03\/stitch-girl-image-for-site.jpg","type":"image\/jpeg"}],"twitter_card":"summary_large_image","twitter_misc":{"Dur\u00e9e de lecture estim\u00e9e":"1 minute"},"schema":{"@context":"https:\/\/schema.org","@graph":[{"@type":"WebPage","@id":"https:\/\/funydeco.com\/product\/female-animal-3d-statue-with-ice-cream\/","url":"https:\/\/funydeco.com\/product\/female-animal-3d-statue-with-ice-cream\/","name":"Female Animal 3D Statue with Ice Cream - FunyDeco","isPartOf":{"@id":"https:\/\/funydeco.com\/#website"},"primaryImageOfPage":{"@id":"https:\/\/funydeco.com\/product\/female-animal-3d-statue-with-ice-cream\/#primaryimage"},"image":{"@id":"https:\/\/funydeco.com\/product\/female-animal-3d-statue-with-ice-cream\/#primaryimage"},"thumbnailUrl":"https:\/\/funydeco.com\/wp-content\/uploads\/2026\/03\/stitch-girl-image-for-site.jpg","datePublished":"2026-03-30T14:30:13+00:00","dateModified":"2026-03-31T10:57:05+00:00","description":"A fun and eye-catching 3D figurine holding an ice cream. Perfect as a decorative piece to attract attention in shops, caf\u00e9s, or themed businesses.","breadcrumb":{"@id":"https:\/\/funydeco.com\/product\/female-animal-3d-statue-with-ice-cream\/#breadcrumb"},"inLanguage":"fr-FR","potentialAction":[{"@type":"ReadAction","target":["https:\/\/funydeco.com\/product\/female-animal-3d-statue-with-ice-cream\/"]}]},{"@type":"ImageObject","inLanguage":"fr-FR","@id":"https:\/\/funydeco.com\/product\/female-animal-3d-statue-with-ice-cream\/#primaryimage","url":"https:\/\/funydeco.com\/wp-content\/uploads\/2026\/03\/stitch-girl-image-for-site.jpg","contentUrl":"https:\/\/funydeco.com\/wp-content\/uploads\/2026\/03\/stitch-girl-image-for-site.jpg","width":1087,"height":1157},{"@type":"BreadcrumbList","@id":"https:\/\/funydeco.com\/product\/female-animal-3d-statue-with-ice-cream\/#breadcrumb","itemListElement":[{"@type":"ListItem","position":1,"name":"Home","item":"https:\/\/funydeco.com\/"},{"@type":"ListItem","position":2,"name":"Shop","item":"https:\/\/funydeco.com\/it\/shop-3\/"},{"@type":"ListItem","position":3,"name":"Female Animal 3D Statue with Ice Cream"}]},{"@type":"WebSite","@id":"https:\/\/funydeco.com\/#website","url":"https:\/\/funydeco.com\/","name":"FunyDeco","description":"Les meilleures d\u00e9corations 3D en Europe","publisher":{"@id":"https:\/\/funydeco.com\/#organization"},"potentialAction":[{"@type":"SearchAction","target":{"@type":"EntryPoint","urlTemplate":"https:\/\/funydeco.com\/?s={search_term_string}"},"query-input":{"@type":"PropertyValueSpecification","valueRequired":true,"valueName":"search_term_string"}}],"inLanguage":"fr-FR"},{"@type":"Organization","@id":"https:\/\/funydeco.com\/#organization","name":"FunyDeco","url":"https:\/\/funydeco.com\/","logo":{"@type":"ImageObject","inLanguage":"fr-FR","@id":"https:\/\/funydeco.com\/#\/schema\/logo\/image\/","url":"https:\/\/funydeco.com\/wp-content\/uploads\/2026\/02\/proto_logo_transparent_1.png","contentUrl":"https:\/\/funydeco.com\/wp-content\/uploads\/2026\/02\/proto_logo_transparent_1.png","width":1536,"height":1024,"caption":"FunyDeco"},"image":{"@id":"https:\/\/funydeco.com\/#\/schema\/logo\/image\/"}}]}},"_links":{"self":[{"href":"https:\/\/funydeco.com\/fr\/wp-json\/wp\/v2\/product\/10902","targetHints":{"allow":["GET"]}}],"collection":[{"href":"https:\/\/funydeco.com\/fr\/wp-json\/wp\/v2\/product"}],"about":[{"href":"https:\/\/funydeco.com\/fr\/wp-json\/wp\/v2\/types\/product"}],"replies":[{"embeddable":true,"href":"https:\/\/funydeco.com\/fr\/wp-json\/wp\/v2\/comments?post=10902"}],"version-history":[{"count":1,"href":"https:\/\/funydeco.com\/fr\/wp-json\/wp\/v2\/product\/10902\/revisions"}],"predecessor-version":[{"id":10908,"href":"https:\/\/funydeco.com\/fr\/wp-json\/wp\/v2\/product\/10902\/revisions\/10908"}],"wp:featuredmedia":[{"embeddable":true,"href":"https:\/\/funydeco.com\/fr\/wp-json\/wp\/v2\/media\/10874"}],"wp:attachment":[{"href":"https:\/\/funydeco.com\/fr\/wp-json\/wp\/v2\/media?parent=10902"}],"wp:term":[{"taxonomy":"product_cat","embeddable":true,"href":"https:\/\/funydeco.com\/fr\/wp-json\/wp\/v2\/product_cat?post=10902"},{"taxonomy":"product_tag","embeddable":true,"href":"https:\/\/funydeco.com\/fr\/wp-json\/wp\/v2\/product_tag?post=10902"}],"curies":[{"name":"wp","href":"https:\/\/api.w.org\/{rel}","templated":true}]}}