{"id":135,"date":"2024-03-11T06:59:52","date_gmt":"2024-03-11T06:59:52","guid":{"rendered":"https:\/\/demo2wpopal.b-cdn.net\/lebagol\/?page_id=135"},"modified":"2026-03-26T19:53:49","modified_gmt":"2026-03-26T19:53:49","slug":"contact-us","status":"publish","type":"page","link":"https:\/\/funydeco.com\/fr\/contact-us\/","title":{"rendered":"Contactez-nous"},"content":{"rendered":"<div data-elementor-type=\"wp-page\" data-elementor-id=\"135\" class=\"elementor elementor-135\">\n\t\t\t\t<div class=\"elementor-element elementor-element-5857460 e-flex e-con-boxed e-con e-parent\" data-id=\"5857460\" data-element_type=\"container\" data-e-type=\"container\">\n\t\t\t\t\t<div class=\"e-con-inner\">\n\t\t\t\t<div class=\"elementor-element elementor-element-044c3f6 elementor-widget elementor-widget-heading\" data-id=\"044c3f6\" data-element_type=\"widget\" data-e-type=\"widget\" data-widget_type=\"heading.default\">\n\t\t\t\t\t<h4 class=\"elementor-heading-title elementor-size-default\">Entrer en contact<\/h4>\t\t\t\t<\/div>\n\t\t\t\t<div class=\"elementor-element elementor-element-5f43f0f elementor-widget elementor-widget-text-editor\" data-id=\"5f43f0f\" data-element_type=\"widget\" data-e-type=\"widget\" data-widget_type=\"text-editor.default\">\n\t\t\t\t\t\t\t\t\t<p>Vous pouvez nous contacter directement via le formulaire ci-dessous. Votre adresse e-mail ne sera pas publi\u00e9e. Les champs obligatoires sont marqu\u00e9s d&#039;un *.<\/p>\t\t\t\t\t\t\t\t<\/div>\n\t\t<div class=\"elementor-element elementor-element-ae15982 e-con-full e-flex e-con e-child\" data-id=\"ae15982\" data-element_type=\"container\" data-e-type=\"container\">\n\t\t<div class=\"elementor-element elementor-element-18aa946 e-con-full e-flex e-con e-child\" data-id=\"18aa946\" data-element_type=\"container\" data-e-type=\"container\">\n\t\t\t\t<div class=\"elementor-element elementor-element-b7fc78f elementor-widget elementor-widget-lebagol-contactform\" data-id=\"b7fc78f\" data-element_type=\"widget\" data-e-type=\"widget\" data-widget_type=\"lebagol-contactform.default\">\n\t\t\t\t<div class=\"elementor-widget-container\">\n\t\t\t\t\t\n<div class=\"wpcf7 no-js\" id=\"wpcf7-f5404-o1\" lang=\"en-US\" dir=\"ltr\" data-wpcf7-id=\"5404\">\n<div class=\"screen-reader-response\"><p role=\"status\" aria-live=\"polite\" aria-atomic=\"true\"><\/p> <ul><\/ul><\/div>\n<form action=\"\/fr\/wp-json\/wp\/v2\/pages\/135#wpcf7-f5404-o1\" method=\"post\" class=\"wpcf7-form init\" aria-label=\"Contact form\" novalidate=\"novalidate\" data-status=\"init\" data-trp-original-action=\"\/fr\/wp-json\/wp\/v2\/pages\/135#wpcf7-f5404-o1\">\n<fieldset class=\"hidden-fields-container\"><input type=\"hidden\" name=\"_wpcf7\" value=\"5404\" \/><input type=\"hidden\" name=\"_wpcf7_version\" value=\"6.1.5\" \/><input type=\"hidden\" name=\"_wpcf7_locale\" value=\"en_US\" \/><input type=\"hidden\" name=\"_wpcf7_unit_tag\" value=\"wpcf7-f5404-o1\" \/><input type=\"hidden\" name=\"_wpcf7_container_post\" value=\"0\" \/><input type=\"hidden\" name=\"_wpcf7_posted_data_hash\" value=\"\" \/>\n<\/fieldset>\n<div class=\"ct-form\">\n\t<div class=\"row\">\n\t\t<div class=\"column-name\">\n\t\t\t<p><span class=\"wpcf7-form-control-wrap\" data-name=\"your-name\"><input size=\"40\" maxlength=\"400\" class=\"wpcf7-form-control wpcf7-text wpcf7-validates-as-required\" aria-required=\"true\" aria-invalid=\"false\" placeholder=\"Votre nom *\" value=\"\" type=\"text\" name=\"your-name\" \/><\/span><i class=\"logitrez-icon-user-1\"><\/i>\n\t\t\t<\/p>\n\t\t<\/div>\n\t<\/div>\n\t<div class=\"row\">\n\t\t<div class=\"column-email\">\n\t\t\t<p><span class=\"wpcf7-form-control-wrap\" data-name=\"your-email\"><input size=\"40\" maxlength=\"400\" class=\"wpcf7-form-control wpcf7-email wpcf7-validates-as-required wpcf7-text wpcf7-validates-as-email\" aria-required=\"true\" aria-invalid=\"false\" placeholder=\"Adresse \u00e9lectronique *\" value=\"\" type=\"email\" name=\"your-email\" \/><\/span><i class=\"logitrez-icon-mail\"><\/i>\n\t\t\t<\/p>\n\t\t<\/div>\n\t<\/div>\n\t<div class=\"row\">\n\t\t<div class=\"column-subject\">\n\t\t\t<p><span class=\"wpcf7-form-control-wrap\" data-name=\"your-subject\"><input size=\"40\" maxlength=\"400\" class=\"wpcf7-form-control wpcf7-text wpcf7-validates-as-required\" aria-required=\"true\" aria-invalid=\"false\" placeholder=\"Sujet *\" value=\"\" type=\"text\" name=\"your-subject\" \/><\/span>\n\t\t\t<\/p>\n\t\t<\/div>\n\t<\/div>\n\t<div class=\"row\">\n\t\t<div class=\"column-message\">\n\t\t\t<p><span class=\"wpcf7-form-control-wrap\" data-name=\"your-message\"><textarea cols=\"40\" rows=\"9\" maxlength=\"2000\" class=\"wpcf7-form-control wpcf7-textarea\" aria-invalid=\"false\" placeholder=\"Votre message *\" name=\"your-message\"><\/textarea><\/span>\n\t\t\t<\/p>\n\t\t<\/div>\n\t<\/div>\n\t<div class=\"ct-button\">\n\t\t<p><button type=\"submit\" value=\"post message\"><i class=\"elementor-button-icon left lebagol-icon-arrow-small-right\"><\/i>Message postal<i class=\"elementor-button-icon right lebagol-icon-arrow-small-right\"><\/i><\/button>\n\t\t<\/p>\n\t<\/div>\n<\/div><div class=\"wpcf7-response-output\" aria-hidden=\"true\"><\/div>\n<input type=\"hidden\" name=\"trp-form-language\" value=\"fr\"\/><\/form>\n<\/div>\n\t\t\t\t<\/div>\n\t\t\t\t<\/div>\n\t\t\t\t<\/div>\n\t\t<div class=\"elementor-element elementor-element-6a41cd6 e-con-full e-flex e-con e-child\" data-id=\"6a41cd6\" data-element_type=\"container\" data-e-type=\"container\">\n\t\t\t\t<div class=\"elementor-element elementor-element-9d96956 elementor-view-framed elementor-position-inline-start elementor-mobile-position-inline-start elementor-shape-circle elementor-widget elementor-widget-icon-box\" data-id=\"9d96956\" data-element_type=\"widget\" data-e-type=\"widget\" data-widget_type=\"icon-box.default\">\n\t\t\t\t\t\t\t<div class=\"elementor-icon-box-wrapper\">\n\n\t\t\t\t\t\t<div class=\"elementor-icon-box-icon\">\n\t\t\t\t<a href=\"mailto:team@lapetiteforaine.com\" target=\"_blank\" class=\"elementor-icon\" tabindex=\"-1\" aria-label=\"Contactez-nous\">\n\t\t\t\t<i aria-hidden=\"true\" class=\"lebagol-icon- lebagol-icon-mail-send-line\"><\/i>\t\t\t\t<\/a>\n\t\t\t<\/div>\n\t\t\t\n\t\t\t\t\t\t<div class=\"elementor-icon-box-content\">\n\n\t\t\t\t\t\t\t\t\t<h6 class=\"elementor-icon-box-title\">\n\t\t\t\t\t\t<a href=\"mailto:team@lapetiteforaine.com\" target=\"_blank\" >\n\t\t\t\t\t\t\tContactez-nous\t\t\t\t\t\t<\/a>\n\t\t\t\t\t<\/h6>\n\t\t\t\t\n\t\t\t\t\t\t\t\t\t<p class=\"elementor-icon-box-description\">\n\t\t\t\t\t\tE-mail: <a target=\"_blank\" href=\"mailto:team@europafirma.com\">team@europafirma.com<\/a>\t\t\t\t\t<\/p>\n\t\t\t\t\n\t\t\t<\/div>\n\t\t\t\n\t\t<\/div>\n\t\t\t\t\t\t<\/div>\n\t\t\t\t<div class=\"elementor-element elementor-element-0f39ac8 elementor-view-framed elementor-position-inline-start elementor-mobile-position-inline-start elementor-shape-circle elementor-widget elementor-widget-icon-box\" data-id=\"0f39ac8\" data-element_type=\"widget\" data-e-type=\"widget\" data-widget_type=\"icon-box.default\">\n\t\t\t\t\t\t\t<div class=\"elementor-icon-box-wrapper\">\n\n\t\t\t\t\t\t<div class=\"elementor-icon-box-icon\">\n\t\t\t\t<a href=\"https:\/\/www.google.com\/maps\/place\/Kamenitsa+1Plovdiv+Center%D0%A0%D0%B0%D0%B9%D0%BE%D0%BD+%D0%A6%D0%B5%D0%BD%D1%82%D1%80%D0%B0%D0%BB%D0%B5%D0%BD,+%D1%83%D0%BB.+%E2%80%9E%D0%A2%D1%80%D0%B0%D0%BF%D0%B5%D0%B7%D0%B8%D1%86%D0%B0%E2%80%9C+14,+4000+%D0%9F%D0%BB%D0%BE%D0%B2%D0%B4%D0%B8%D0%B2\/@42.1427263,24.7550051,20.4z\/data=!4m6!3m5!1s0x14acd1a5d3403cab:0x9302dbe10bc1961d!8m2!3d42.142649!4d24.7552989!16s%2Fg%2F11c27btstx?entry=ttu&#038;g_ep=EgoyMDI1MTAyOS4xIKXMDSoASAFQAw%3D%3D\" target=\"_blank\" class=\"elementor-icon\" tabindex=\"-1\" aria-label=\"Lieu officiel\">\n\t\t\t\t<i aria-hidden=\"true\" class=\"lebagol-icon- lebagol-icon-map-pin-2-line\"><\/i>\t\t\t\t<\/a>\n\t\t\t<\/div>\n\t\t\t\n\t\t\t\t\t\t<div class=\"elementor-icon-box-content\">\n\n\t\t\t\t\t\t\t\t\t<h6 class=\"elementor-icon-box-title\">\n\t\t\t\t\t\t<a href=\"https:\/\/www.google.com\/maps\/place\/Kamenitsa+1Plovdiv+Center%D0%A0%D0%B0%D0%B9%D0%BE%D0%BD+%D0%A6%D0%B5%D0%BD%D1%82%D1%80%D0%B0%D0%BB%D0%B5%D0%BD,+%D1%83%D0%BB.+%E2%80%9E%D0%A2%D1%80%D0%B0%D0%BF%D0%B5%D0%B7%D0%B8%D1%86%D0%B0%E2%80%9C+14,+4000+%D0%9F%D0%BB%D0%BE%D0%B2%D0%B4%D0%B8%D0%B2\/@42.1427263,24.7550051,20.4z\/data=!4m6!3m5!1s0x14acd1a5d3403cab:0x9302dbe10bc1961d!8m2!3d42.142649!4d24.7552989!16s%2Fg%2F11c27btstx?entry=ttu&#038;g_ep=EgoyMDI1MTAyOS4xIKXMDSoASAFQAw%3D%3D\" target=\"_blank\" >\n\t\t\t\t\t\t\tLieu officiel\t\t\t\t\t\t<\/a>\n\t\t\t\t\t<\/h6>\n\t\t\t\t\n\t\t\t\t\t\t\t\t\t<p class=\"elementor-icon-box-description\">\n\t\t\t\t\t\t<a target=\"_blank\" href=\"https:\/\/www.google.com\/maps\/place\/Kamenitsa+1Plovdiv+Center%D0%A0%D0%B0%D0%B9%D0%BE%D0%BD+%D0%A6%D0%B5%D0%BD%D1%82%D1%80%D0%B0%D0%BB%D0%B5%D0%BD,+%D1%83%D0%BB.+%E2%80%9E%D0%A2%D1%80%D0%B0%D0%BF%D0%B5%D0%B7%D0%B8%D1%86%D0%B0%E2%80%9C+14,+4000+%D0%9F%D0%BB%D0%BE%D0%B2%D0%B4%D0%B8%D0%B2\/@42.1427263,24.7550051,20.4z\/data=!4m6!3m5!1s0x14acd1a5d3403cab:0x9302dbe10bc1961d!8m2!3d42.142649!4d24.7552989!16s%2Fg%2F11c27btstx?entry=ttu&amp;g_ep=EgoyMDI1MTAyOS4xIKXMDSoASAFQAw%3D%3D\">TRAPEZICA n\u00b0 14 4000 PLOVDIV Bulgarie<\/a>\t\t\t\t\t<\/p>\n\t\t\t\t\n\t\t\t<\/div>\n\t\t\t\n\t\t<\/div>\n\t\t\t\t\t\t<\/div>\n\t\t\t\t<div class=\"elementor-element elementor-element-8ee18b1 elementor-view-framed elementor-position-inline-start elementor-mobile-position-inline-start elementor-shape-circle elementor-widget elementor-widget-icon-box\" data-id=\"8ee18b1\" data-element_type=\"widget\" data-e-type=\"widget\" data-widget_type=\"icon-box.default\">\n\t\t\t\t\t\t\t<div class=\"elementor-icon-box-wrapper\">\n\n\t\t\t\t\t\t<div class=\"elementor-icon-box-icon\">\n\t\t\t\t<a href=\"https:\/\/maps.app.goo.gl\/eD99EXHkVP4FuqFZ7?g_st=iv\" target=\"_blank\" class=\"elementor-icon\" tabindex=\"-1\" aria-label=\"Site industriel\">\n\t\t\t\t<i aria-hidden=\"true\" class=\"lebagol-icon- lebagol-icon-map-pin-2-line\"><\/i>\t\t\t\t<\/a>\n\t\t\t<\/div>\n\t\t\t\n\t\t\t\t\t\t<div class=\"elementor-icon-box-content\">\n\n\t\t\t\t\t\t\t\t\t<h6 class=\"elementor-icon-box-title\">\n\t\t\t\t\t\t<a href=\"https:\/\/maps.app.goo.gl\/eD99EXHkVP4FuqFZ7?g_st=iv\" target=\"_blank\" >\n\t\t\t\t\t\t\tSite industriel\t\t\t\t\t\t<\/a>\n\t\t\t\t\t<\/h6>\n\t\t\t\t\n\t\t\t\t\t\t\t\t\t<p class=\"elementor-icon-box-description\">\n\t\t\t\t\t\t<a target=\"_blank\" href=\"https:\/\/maps.app.goo.gl\/eD99EXHkVP4FuqFZ7?g_st=iv\">Vasil Levski Str. 4120 Orizari Bulgarie<\/a>\t\t\t\t\t<\/p>\n\t\t\t\t\n\t\t\t<\/div>\n\t\t\t\n\t\t<\/div>\n\t\t\t\t\t\t<\/div>\n\t\t\t\t<div class=\"elementor-element elementor-element-0aed9e3 elementor-view-framed elementor-position-inline-start elementor-mobile-position-inline-start elementor-shape-circle elementor-widget elementor-widget-icon-box\" data-id=\"0aed9e3\" data-element_type=\"widget\" data-e-type=\"widget\" data-widget_type=\"icon-box.default\">\n\t\t\t\t\t\t\t<div class=\"elementor-icon-box-wrapper\">\n\n\t\t\t\t\t\t<div class=\"elementor-icon-box-icon\">\n\t\t\t\t<a href=\"tel:+359899999298\" target=\"_blank\" class=\"elementor-icon\" tabindex=\"-1\" aria-label=\"T\u00e9l\u00e9phone\">\n\t\t\t\t<svg aria-hidden=\"true\" class=\"e-font-icon-svg e-fas-phone-alt\" viewbox=\"0 0 512 512\" xmlns=\"http:\/\/www.w3.org\/2000\/svg\"><path d=\"M497.39 361.8l-112-48a24 24 0 0 0-28 6.9l-49.6 60.6A370.66 370.66 0 0 1 130.6 204.11l60.6-49.6a23.94 23.94 0 0 0 6.9-28l-48-112A24.16 24.16 0 0 0 122.6.61l-104 24A24 24 0 0 0 0 48c0 256.5 207.9 464 464 464a24 24 0 0 0 23.4-18.6l24-104a24.29 24.29 0 0 0-14.01-27.6z\"><\/path><\/svg>\t\t\t\t<\/a>\n\t\t\t<\/div>\n\t\t\t\n\t\t\t\t\t\t<div class=\"elementor-icon-box-content\">\n\n\t\t\t\t\t\t\t\t\t<h6 class=\"elementor-icon-box-title\">\n\t\t\t\t\t\t<a href=\"tel:+359899999298\" target=\"_blank\" >\n\t\t\t\t\t\t\tT\u00e9l\u00e9phone\t\t\t\t\t\t<\/a>\n\t\t\t\t\t<\/h6>\n\t\t\t\t\n\t\t\t\t\t\t\t\t\t<p class=\"elementor-icon-box-description\">\n\t\t\t\t\t\t<a href=\"tel:+359899999298\">+359 899 999 298<\/a>\t\t\t\t\t<\/p>\n\t\t\t\t\n\t\t\t<\/div>\n\t\t\t\n\t\t<\/div>\n\t\t\t\t\t\t<\/div>\n\t\t\t\t<\/div>\n\t\t\t\t<\/div>\n\t\t\t\t\t<\/div>\n\t\t\t\t<\/div>\n\t\t<div class=\"elementor-element elementor-element-b024eb4 e-con-full e-flex e-con e-parent\" data-id=\"b024eb4\" data-element_type=\"container\" data-e-type=\"container\">\n\t\t\t\t<div class=\"elementor-element elementor-element-18009ce elementor-widget elementor-widget-google_maps\" data-id=\"18009ce\" data-element_type=\"widget\" data-e-type=\"widget\" data-widget_type=\"google_maps.default\">\n\t\t\t\t\t\t\t<div class=\"elementor-custom-embed\">\n\t\t\t<iframe loading=\"lazy\"\n\t\t\t\t\tsrc=\"https:\/\/maps.google.com\/maps?q=Kamenitsa%201Plovdiv%20Center%D0%A0%D0%B0%D0%B9%D0%BE%D0%BD%20%D0%A6%D0%B5%D0%BD%D1%82%D1%80%D0%B0%D0%BB%D0%B5%D0%BD%2C%20%D1%83%D0%BB.%20%E2%80%9E%D0%A2%D1%80%D0%B0%D0%BF%D0%B5%D0%B7%D0%B8%D1%86%D0%B0%E2%80%9C%2014%2C%204000%20%D0%9F%D0%BB%D0%BE%D0%B2%D0%B4%D0%B8%D0%B2&#038;t=m&#038;z=16&#038;output=embed&#038;iwloc=near\"\n\t\t\t\t\ttitle=\"Kamenitsa 1Plovdiv Center\u0420\u0430\u0439\u043e\u043d \u0426\u0435\u043d\u0442\u0440\u0430\u043b\u0435\u043d, \u0443\u043b. &quot;\u0422\u0440\u0430\u043f\u0435\u0437\u0438\u0446\u0430&quot; 14, 4000 Plovdiv\"\n\t\t\t\t\taria-label=\"Kamenitsa 1Plovdiv Center\u0420\u0430\u0439\u043e\u043d \u0426\u0435\u043d\u0442\u0440\u0430\u043b\u0435\u043d, \u0443\u043b. &quot;\u0422\u0440\u0430\u043f\u0435\u0437\u0438\u0446\u0430&quot; 14, 4000 Plovdiv\"\n\t\t\t><\/iframe>\n\t\t<\/div>\n\t\t\t\t\t\t<\/div>\n\t\t\t\t<div class=\"elementor-element elementor-element-eadc22c elementor-widget elementor-widget-google_maps\" data-id=\"eadc22c\" data-element_type=\"widget\" data-e-type=\"widget\" data-widget_type=\"google_maps.default\">\n\t\t\t\t\t\t\t<div class=\"elementor-custom-embed\">\n\t\t\t<iframe loading=\"lazy\"\n\t\t\t\t\tsrc=\"https:\/\/maps.google.com\/maps?q=42%C2%B008%2740.7%22N%2024%C2%B039%2701.9%22E&#038;t=m&#038;z=15&#038;output=embed&#038;iwloc=near\"\n\t\t\t\t\ttitle=\"42\u00b008&#039;40.7 &quot;N 24\u00b039&#039;01.9 &quot;E\"\n\t\t\t\t\taria-label=\"42\u00b008&#039;40.7 &quot;N 24\u00b039&#039;01.9 &quot;E\"\n\t\t\t><\/iframe>\n\t\t<\/div>\n\t\t\t\t\t\t<\/div>\n\t\t\t\t<\/div>\n\t\t\t\t<\/div>","protected":false},"excerpt":{"rendered":"<p>Contact Vous pouvez nous envoyer un message directement via le formulaire ci-dessous. Votre adresse \u00e9lectronique ne sera pas publi\u00e9e. Les champs obligatoires sont marqu\u00e9s * Post Message Contactez-nous Email : team@europafirma.com Site officiel TRAPEZICA No. 14 4000 PLOVDIV Bulgarie Site industriel Vasil Levski Str. 4120 Orizari Bulgarie T\u00e9l\u00e9phone +359 899 999 298<\/p>","protected":false},"author":1,"featured_media":0,"parent":0,"menu_order":0,"comment_status":"closed","ping_status":"closed","template":"template-homepage.php","meta":{"footnotes":""},"class_list":["post-135","page","type-page","status-publish","hentry"],"yoast_head":"<!-- This site is optimized with the Yoast SEO plugin v27.4 - https:\/\/yoast.com\/product\/yoast-seo-wordpress\/ -->\n<title>Contact Us - FunyDeco<\/title>\n<meta name=\"robots\" content=\"index, follow, max-snippet:-1, max-image-preview:large, max-video-preview:-1\" \/>\n<link rel=\"canonical\" href=\"https:\/\/funydeco.com\/fr\/contact-us\/\" \/>\n<meta property=\"og:locale\" content=\"fr_FR\" \/>\n<meta property=\"og:type\" content=\"article\" \/>\n<meta property=\"og:title\" content=\"Contact Us - FunyDeco\" \/>\n<meta property=\"og:description\" content=\"Get In touch You can message us through the form below directly. Your email address will not be published. Required fields are marked * Post Message Contact us Email: team@europafirma.com Official Location TRAPEZICA No. 14 4000 PLOVDIV Bulgaria Industrial Location Vasil Levski Str. 4120 Orizari Bulgaria Telephone +359 899 999 298\" \/>\n<meta property=\"og:url\" content=\"https:\/\/funydeco.com\/fr\/contact-us\/\" \/>\n<meta property=\"og:site_name\" content=\"FunyDeco\" \/>\n<meta property=\"article:modified_time\" content=\"2026-03-26T19:53:49+00:00\" \/>\n<meta name=\"twitter:card\" content=\"summary_large_image\" \/>\n<meta name=\"twitter:label1\" content=\"Dur\u00e9e de lecture estim\u00e9e\" \/>\n\t<meta name=\"twitter:data1\" content=\"1 minute\" \/>\n<script type=\"application\/ld+json\" class=\"yoast-schema-graph\">{\"@context\":\"https:\\\/\\\/schema.org\",\"@graph\":[{\"@type\":\"WebPage\",\"@id\":\"https:\\\/\\\/funydeco.com\\\/contact-us\\\/\",\"url\":\"https:\\\/\\\/funydeco.com\\\/contact-us\\\/\",\"name\":\"Contact Us - FunyDeco\",\"isPartOf\":{\"@id\":\"https:\\\/\\\/funydeco.com\\\/#website\"},\"datePublished\":\"2024-03-11T06:59:52+00:00\",\"dateModified\":\"2026-03-26T19:53:49+00:00\",\"breadcrumb\":{\"@id\":\"https:\\\/\\\/funydeco.com\\\/contact-us\\\/#breadcrumb\"},\"inLanguage\":\"fr-FR\",\"potentialAction\":[{\"@type\":\"ReadAction\",\"target\":[\"https:\\\/\\\/funydeco.com\\\/contact-us\\\/\"]}]},{\"@type\":\"BreadcrumbList\",\"@id\":\"https:\\\/\\\/funydeco.com\\\/contact-us\\\/#breadcrumb\",\"itemListElement\":[{\"@type\":\"ListItem\",\"position\":1,\"name\":\"Home\",\"item\":\"https:\\\/\\\/funydeco.com\\\/\"},{\"@type\":\"ListItem\",\"position\":2,\"name\":\"Contact Us\"}]},{\"@type\":\"WebSite\",\"@id\":\"https:\\\/\\\/funydeco.com\\\/#website\",\"url\":\"https:\\\/\\\/funydeco.com\\\/\",\"name\":\"FunyDeco\",\"description\":\"The Best 3D Decorations in Europe\",\"publisher\":{\"@id\":\"https:\\\/\\\/funydeco.com\\\/#organization\"},\"potentialAction\":[{\"@type\":\"SearchAction\",\"target\":{\"@type\":\"EntryPoint\",\"urlTemplate\":\"https:\\\/\\\/funydeco.com\\\/?s={search_term_string}\"},\"query-input\":{\"@type\":\"PropertyValueSpecification\",\"valueRequired\":true,\"valueName\":\"search_term_string\"}}],\"inLanguage\":\"fr-FR\"},{\"@type\":\"Organization\",\"@id\":\"https:\\\/\\\/funydeco.com\\\/#organization\",\"name\":\"FunyDeco\",\"url\":\"https:\\\/\\\/funydeco.com\\\/\",\"logo\":{\"@type\":\"ImageObject\",\"inLanguage\":\"fr-FR\",\"@id\":\"https:\\\/\\\/funydeco.com\\\/#\\\/schema\\\/logo\\\/image\\\/\",\"url\":\"https:\\\/\\\/funydeco.com\\\/wp-content\\\/uploads\\\/2026\\\/02\\\/proto_logo_transparent_1.png\",\"contentUrl\":\"https:\\\/\\\/funydeco.com\\\/wp-content\\\/uploads\\\/2026\\\/02\\\/proto_logo_transparent_1.png\",\"width\":1536,\"height\":1024,\"caption\":\"FunyDeco\"},\"image\":{\"@id\":\"https:\\\/\\\/funydeco.com\\\/#\\\/schema\\\/logo\\\/image\\\/\"}}]}<\/script>\n<!-- \/ Yoast SEO plugin. -->","yoast_head_json":{"title":"Nous contacter - FunyDeco","robots":{"index":"index","follow":"follow","max-snippet":"max-snippet:-1","max-image-preview":"max-image-preview:large","max-video-preview":"max-video-preview:-1"},"canonical":"https:\/\/funydeco.com\/fr\/contact-us\/","og_locale":"fr_FR","og_type":"article","og_title":"Contact Us - FunyDeco","og_description":"Get In touch You can message us through the form below directly. Your email address will not be published. Required fields are marked * Post Message Contact us Email: team@europafirma.com Official Location TRAPEZICA No. 14 4000 PLOVDIV Bulgaria Industrial Location Vasil Levski Str. 4120 Orizari Bulgaria Telephone +359 899 999 298","og_url":"https:\/\/funydeco.com\/fr\/contact-us\/","og_site_name":"FunyDeco","article_modified_time":"2026-03-26T19:53:49+00:00","twitter_card":"summary_large_image","twitter_misc":{"Dur\u00e9e de lecture estim\u00e9e":"1 minute"},"schema":{"@context":"https:\/\/schema.org","@graph":[{"@type":"WebPage","@id":"https:\/\/funydeco.com\/contact-us\/","url":"https:\/\/funydeco.com\/contact-us\/","name":"Nous contacter - FunyDeco","isPartOf":{"@id":"https:\/\/funydeco.com\/#website"},"datePublished":"2024-03-11T06:59:52+00:00","dateModified":"2026-03-26T19:53:49+00:00","breadcrumb":{"@id":"https:\/\/funydeco.com\/contact-us\/#breadcrumb"},"inLanguage":"fr-FR","potentialAction":[{"@type":"ReadAction","target":["https:\/\/funydeco.com\/contact-us\/"]}]},{"@type":"BreadcrumbList","@id":"https:\/\/funydeco.com\/contact-us\/#breadcrumb","itemListElement":[{"@type":"ListItem","position":1,"name":"Home","item":"https:\/\/funydeco.com\/"},{"@type":"ListItem","position":2,"name":"Contact Us"}]},{"@type":"WebSite","@id":"https:\/\/funydeco.com\/#website","url":"https:\/\/funydeco.com\/","name":"FunyDeco","description":"Les meilleures d\u00e9corations 3D en Europe","publisher":{"@id":"https:\/\/funydeco.com\/#organization"},"potentialAction":[{"@type":"SearchAction","target":{"@type":"EntryPoint","urlTemplate":"https:\/\/funydeco.com\/?s={search_term_string}"},"query-input":{"@type":"PropertyValueSpecification","valueRequired":true,"valueName":"search_term_string"}}],"inLanguage":"fr-FR"},{"@type":"Organization","@id":"https:\/\/funydeco.com\/#organization","name":"FunyDeco","url":"https:\/\/funydeco.com\/","logo":{"@type":"ImageObject","inLanguage":"fr-FR","@id":"https:\/\/funydeco.com\/#\/schema\/logo\/image\/","url":"https:\/\/funydeco.com\/wp-content\/uploads\/2026\/02\/proto_logo_transparent_1.png","contentUrl":"https:\/\/funydeco.com\/wp-content\/uploads\/2026\/02\/proto_logo_transparent_1.png","width":1536,"height":1024,"caption":"FunyDeco"},"image":{"@id":"https:\/\/funydeco.com\/#\/schema\/logo\/image\/"}}]}},"_links":{"self":[{"href":"https:\/\/funydeco.com\/fr\/wp-json\/wp\/v2\/pages\/135","targetHints":{"allow":["GET"]}}],"collection":[{"href":"https:\/\/funydeco.com\/fr\/wp-json\/wp\/v2\/pages"}],"about":[{"href":"https:\/\/funydeco.com\/fr\/wp-json\/wp\/v2\/types\/page"}],"author":[{"embeddable":true,"href":"https:\/\/funydeco.com\/fr\/wp-json\/wp\/v2\/users\/1"}],"replies":[{"embeddable":true,"href":"https:\/\/funydeco.com\/fr\/wp-json\/wp\/v2\/comments?post=135"}],"version-history":[{"count":24,"href":"https:\/\/funydeco.com\/fr\/wp-json\/wp\/v2\/pages\/135\/revisions"}],"predecessor-version":[{"id":10849,"href":"https:\/\/funydeco.com\/fr\/wp-json\/wp\/v2\/pages\/135\/revisions\/10849"}],"wp:attachment":[{"href":"https:\/\/funydeco.com\/fr\/wp-json\/wp\/v2\/media?parent=135"}],"curies":[{"name":"wp","href":"https:\/\/api.w.org\/{rel}","templated":true}]}}