{"id":6773,"date":"2025-12-02T09:38:14","date_gmt":"2025-12-02T09:38:14","guid":{"rendered":"https:\/\/europafirma.com\/?post_type=product&#038;p=6773"},"modified":"2026-03-25T14:45:49","modified_gmt":"2026-03-25T14:45:49","slug":"3d-figure-churros","status":"publish","type":"product","link":"https:\/\/funydeco.com\/es\/product\/3d-figure-churros\/","title":{"rendered":"3D Figure \u2013 Churros4"},"content":{"rendered":"<p><strong>Material<\/strong>PETG resistente a los rayos UV<\/p>\n<p><strong>Caras<\/strong>Coloraci\u00f3n manual<\/p>\n<p><strong>Iluminaci\u00f3n<\/strong>: No<\/p>\n<p><strong>Fuente de alimentaci\u00f3n<\/strong>: No<\/p>\n<p><strong>Consumo<\/strong>: No<\/p>\n<p><strong>Impermeabilizaci\u00f3n<\/strong>Totalmente sellado con revestimiento UV y aislamiento (protecci\u00f3n contra el agua para prolongar su vida \u00fatil).<\/p>\n<p><strong>Cable<\/strong>: No<\/p>\n<p><strong>Rejillas de ventilaci\u00f3n<\/strong>: 4 orificios de alivio de presi\u00f3n y drenaje de agua<\/p>\n<p><strong>Base<\/strong>Riel de soporte met\u00e1lico de 5 cm, fijado de forma segura para mayor estabilidad.<\/p>\n<p><strong>Dise\u00f1o<\/strong>Hecho a medida seg\u00fan las especificaciones del cliente<\/p>\n<ul>\n<li>Altura \u2013 70 cm<\/li>\n<li>Ancho \u2013 45 cm<\/li>\n<li>Profundidad \u2013 20 cm<\/li>\n<li>Peso \u2013 5 kg<\/li>\n<\/ul>","protected":false},"excerpt":{"rendered":"<p>Figura 3D personalizada de churros, elaborada en PETG resistente a los rayos UV y coloreada a mano para un aspecto realista. Totalmente sellada con un recubrimiento UV para mayor protecci\u00f3n y montada sobre un soporte met\u00e1lico estable de 5 cm. Dise\u00f1ada seg\u00fan las especificaciones del cliente, es perfecta como elemento decorativo para atraer clientes en cafeter\u00edas, quioscos y pasteler\u00edas.<\/p>","protected":false},"featured_media":10767,"comment_status":"open","ping_status":"closed","template":"","meta":[],"product_cat":[266,267],"product_tag":[],"class_list":{"0":"post-6773","1":"product","2":"type-product","3":"status-publish","4":"has-post-thumbnail","6":"product_cat-3d-decorations-figurines-illuminated-sidewalk-signs","7":"product_cat-stop-decorative-sidewalk-3d-figurine-deco-3d","9":"first","10":"instock","11":"taxable","12":"shipping-taxable","13":"purchasable","14":"product-type-simple"},"yoast_head":"<!-- This site is optimized with the Yoast SEO plugin v27.4 - https:\/\/yoast.com\/product\/yoast-seo-wordpress\/ -->\n<title>3D Figure \u2013 Churros4 - FunyDeco<\/title>\n<meta name=\"robots\" content=\"index, follow, max-snippet:-1, max-image-preview:large, max-video-preview:-1\" \/>\n<link rel=\"canonical\" href=\"https:\/\/funydeco.com\/es\/producto\/3d-figure-churros\/\" \/>\n<meta property=\"og:locale\" content=\"es_ES\" \/>\n<meta property=\"og:type\" content=\"article\" \/>\n<meta property=\"og:title\" content=\"3D Figure \u2013 Churros4 - FunyDeco\" \/>\n<meta property=\"og:description\" content=\"Custom-made 3D figure of churros, crafted from durable UV PETG with manual coloring for a realistic look. Fully sealed with UV coating for protection and mounted on a stable 5 cm metal support rail. Designed to client specifications, perfect as a decorative element to attract customers in caf\u00e9s, kiosks, and dessert shops.\" \/>\n<meta property=\"og:url\" content=\"https:\/\/funydeco.com\/es\/producto\/3d-figure-churros\/\" \/>\n<meta property=\"og:site_name\" content=\"FunyDeco\" \/>\n<meta property=\"article:modified_time\" content=\"2026-03-25T14:45:49+00:00\" \/>\n<meta property=\"og:image\" content=\"https:\/\/funydeco.com\/wp-content\/uploads\/2025\/12\/decoration_churros.jpeg\" \/>\n\t<meta property=\"og:image:width\" content=\"1290\" \/>\n\t<meta property=\"og:image:height\" content=\"1290\" \/>\n\t<meta property=\"og:image:type\" content=\"image\/jpeg\" \/>\n<meta name=\"twitter:card\" content=\"summary_large_image\" \/>\n<meta name=\"twitter:label1\" content=\"Tiempo de lectura\" \/>\n\t<meta name=\"twitter:data1\" content=\"1 minuto\" \/>\n<script type=\"application\/ld+json\" class=\"yoast-schema-graph\">{\"@context\":\"https:\\\/\\\/schema.org\",\"@graph\":[{\"@type\":\"WebPage\",\"@id\":\"https:\\\/\\\/funydeco.com\\\/product\\\/3d-figure-churros\\\/\",\"url\":\"https:\\\/\\\/funydeco.com\\\/product\\\/3d-figure-churros\\\/\",\"name\":\"3D Figure \u2013 Churros4 - FunyDeco\",\"isPartOf\":{\"@id\":\"https:\\\/\\\/funydeco.com\\\/#website\"},\"primaryImageOfPage\":{\"@id\":\"https:\\\/\\\/funydeco.com\\\/product\\\/3d-figure-churros\\\/#primaryimage\"},\"image\":{\"@id\":\"https:\\\/\\\/funydeco.com\\\/product\\\/3d-figure-churros\\\/#primaryimage\"},\"thumbnailUrl\":\"https:\\\/\\\/funydeco.com\\\/wp-content\\\/uploads\\\/2025\\\/12\\\/decoration_churros.jpeg\",\"datePublished\":\"2025-12-02T09:38:14+00:00\",\"dateModified\":\"2026-03-25T14:45:49+00:00\",\"breadcrumb\":{\"@id\":\"https:\\\/\\\/funydeco.com\\\/product\\\/3d-figure-churros\\\/#breadcrumb\"},\"inLanguage\":\"es\",\"potentialAction\":[{\"@type\":\"ReadAction\",\"target\":[\"https:\\\/\\\/funydeco.com\\\/product\\\/3d-figure-churros\\\/\"]}]},{\"@type\":\"ImageObject\",\"inLanguage\":\"es\",\"@id\":\"https:\\\/\\\/funydeco.com\\\/product\\\/3d-figure-churros\\\/#primaryimage\",\"url\":\"https:\\\/\\\/funydeco.com\\\/wp-content\\\/uploads\\\/2025\\\/12\\\/decoration_churros.jpeg\",\"contentUrl\":\"https:\\\/\\\/funydeco.com\\\/wp-content\\\/uploads\\\/2025\\\/12\\\/decoration_churros.jpeg\",\"width\":1290,\"height\":1290},{\"@type\":\"BreadcrumbList\",\"@id\":\"https:\\\/\\\/funydeco.com\\\/product\\\/3d-figure-churros\\\/#breadcrumb\",\"itemListElement\":[{\"@type\":\"ListItem\",\"position\":1,\"name\":\"Home\",\"item\":\"https:\\\/\\\/funydeco.com\\\/\"},{\"@type\":\"ListItem\",\"position\":2,\"name\":\"Shop\",\"item\":\"https:\\\/\\\/funydeco.com\\\/it\\\/shop-3\\\/\"},{\"@type\":\"ListItem\",\"position\":3,\"name\":\"3D Figure \u2013 Churros4\"}]},{\"@type\":\"WebSite\",\"@id\":\"https:\\\/\\\/funydeco.com\\\/#website\",\"url\":\"https:\\\/\\\/funydeco.com\\\/\",\"name\":\"FunyDeco\",\"description\":\"The Best 3D Decorations in Europe\",\"publisher\":{\"@id\":\"https:\\\/\\\/funydeco.com\\\/#organization\"},\"potentialAction\":[{\"@type\":\"SearchAction\",\"target\":{\"@type\":\"EntryPoint\",\"urlTemplate\":\"https:\\\/\\\/funydeco.com\\\/?s={search_term_string}\"},\"query-input\":{\"@type\":\"PropertyValueSpecification\",\"valueRequired\":true,\"valueName\":\"search_term_string\"}}],\"inLanguage\":\"es\"},{\"@type\":\"Organization\",\"@id\":\"https:\\\/\\\/funydeco.com\\\/#organization\",\"name\":\"FunyDeco\",\"url\":\"https:\\\/\\\/funydeco.com\\\/\",\"logo\":{\"@type\":\"ImageObject\",\"inLanguage\":\"es\",\"@id\":\"https:\\\/\\\/funydeco.com\\\/#\\\/schema\\\/logo\\\/image\\\/\",\"url\":\"https:\\\/\\\/funydeco.com\\\/wp-content\\\/uploads\\\/2026\\\/02\\\/proto_logo_transparent_1.png\",\"contentUrl\":\"https:\\\/\\\/funydeco.com\\\/wp-content\\\/uploads\\\/2026\\\/02\\\/proto_logo_transparent_1.png\",\"width\":1536,\"height\":1024,\"caption\":\"FunyDeco\"},\"image\":{\"@id\":\"https:\\\/\\\/funydeco.com\\\/#\\\/schema\\\/logo\\\/image\\\/\"}}]}<\/script>\n<!-- \/ Yoast SEO plugin. -->","yoast_head_json":{"title":"3D Figure \u2013 Churros4 - FunyDeco","robots":{"index":"index","follow":"follow","max-snippet":"max-snippet:-1","max-image-preview":"max-image-preview:large","max-video-preview":"max-video-preview:-1"},"canonical":"https:\/\/funydeco.com\/es\/producto\/3d-figure-churros\/","og_locale":"es_ES","og_type":"article","og_title":"3D Figure \u2013 Churros4 - FunyDeco","og_description":"Custom-made 3D figure of churros, crafted from durable UV PETG with manual coloring for a realistic look. Fully sealed with UV coating for protection and mounted on a stable 5 cm metal support rail. Designed to client specifications, perfect as a decorative element to attract customers in caf\u00e9s, kiosks, and dessert shops.","og_url":"https:\/\/funydeco.com\/es\/producto\/3d-figure-churros\/","og_site_name":"FunyDeco","article_modified_time":"2026-03-25T14:45:49+00:00","og_image":[{"width":1290,"height":1290,"url":"https:\/\/funydeco.com\/wp-content\/uploads\/2025\/12\/decoration_churros.jpeg","type":"image\/jpeg"}],"twitter_card":"summary_large_image","twitter_misc":{"Tiempo de lectura":"1 minuto"},"schema":{"@context":"https:\/\/schema.org","@graph":[{"@type":"WebPage","@id":"https:\/\/funydeco.com\/product\/3d-figure-churros\/","url":"https:\/\/funydeco.com\/product\/3d-figure-churros\/","name":"3D Figure \u2013 Churros4 - FunyDeco","isPartOf":{"@id":"https:\/\/funydeco.com\/#website"},"primaryImageOfPage":{"@id":"https:\/\/funydeco.com\/product\/3d-figure-churros\/#primaryimage"},"image":{"@id":"https:\/\/funydeco.com\/product\/3d-figure-churros\/#primaryimage"},"thumbnailUrl":"https:\/\/funydeco.com\/wp-content\/uploads\/2025\/12\/decoration_churros.jpeg","datePublished":"2025-12-02T09:38:14+00:00","dateModified":"2026-03-25T14:45:49+00:00","breadcrumb":{"@id":"https:\/\/funydeco.com\/product\/3d-figure-churros\/#breadcrumb"},"inLanguage":"es","potentialAction":[{"@type":"ReadAction","target":["https:\/\/funydeco.com\/product\/3d-figure-churros\/"]}]},{"@type":"ImageObject","inLanguage":"es","@id":"https:\/\/funydeco.com\/product\/3d-figure-churros\/#primaryimage","url":"https:\/\/funydeco.com\/wp-content\/uploads\/2025\/12\/decoration_churros.jpeg","contentUrl":"https:\/\/funydeco.com\/wp-content\/uploads\/2025\/12\/decoration_churros.jpeg","width":1290,"height":1290},{"@type":"BreadcrumbList","@id":"https:\/\/funydeco.com\/product\/3d-figure-churros\/#breadcrumb","itemListElement":[{"@type":"ListItem","position":1,"name":"Home","item":"https:\/\/funydeco.com\/"},{"@type":"ListItem","position":2,"name":"Shop","item":"https:\/\/funydeco.com\/it\/shop-3\/"},{"@type":"ListItem","position":3,"name":"3D Figure \u2013 Churros4"}]},{"@type":"WebSite","@id":"https:\/\/funydeco.com\/#website","url":"https:\/\/funydeco.com\/","name":"FunyDeco","description":"Las mejores decoraciones 3D de Europa","publisher":{"@id":"https:\/\/funydeco.com\/#organization"},"potentialAction":[{"@type":"SearchAction","target":{"@type":"EntryPoint","urlTemplate":"https:\/\/funydeco.com\/?s={search_term_string}"},"query-input":{"@type":"PropertyValueSpecification","valueRequired":true,"valueName":"search_term_string"}}],"inLanguage":"es"},{"@type":"Organization","@id":"https:\/\/funydeco.com\/#organization","name":"FunyDeco","url":"https:\/\/funydeco.com\/","logo":{"@type":"ImageObject","inLanguage":"es","@id":"https:\/\/funydeco.com\/#\/schema\/logo\/image\/","url":"https:\/\/funydeco.com\/wp-content\/uploads\/2026\/02\/proto_logo_transparent_1.png","contentUrl":"https:\/\/funydeco.com\/wp-content\/uploads\/2026\/02\/proto_logo_transparent_1.png","width":1536,"height":1024,"caption":"FunyDeco"},"image":{"@id":"https:\/\/funydeco.com\/#\/schema\/logo\/image\/"}}]}},"_links":{"self":[{"href":"https:\/\/funydeco.com\/es\/wp-json\/wp\/v2\/product\/6773","targetHints":{"allow":["GET"]}}],"collection":[{"href":"https:\/\/funydeco.com\/es\/wp-json\/wp\/v2\/product"}],"about":[{"href":"https:\/\/funydeco.com\/es\/wp-json\/wp\/v2\/types\/product"}],"replies":[{"embeddable":true,"href":"https:\/\/funydeco.com\/es\/wp-json\/wp\/v2\/comments?post=6773"}],"version-history":[{"count":2,"href":"https:\/\/funydeco.com\/es\/wp-json\/wp\/v2\/product\/6773\/revisions"}],"predecessor-version":[{"id":10840,"href":"https:\/\/funydeco.com\/es\/wp-json\/wp\/v2\/product\/6773\/revisions\/10840"}],"wp:featuredmedia":[{"embeddable":true,"href":"https:\/\/funydeco.com\/es\/wp-json\/wp\/v2\/media\/10767"}],"wp:attachment":[{"href":"https:\/\/funydeco.com\/es\/wp-json\/wp\/v2\/media?parent=6773"}],"wp:term":[{"taxonomy":"product_cat","embeddable":true,"href":"https:\/\/funydeco.com\/es\/wp-json\/wp\/v2\/product_cat?post=6773"},{"taxonomy":"product_tag","embeddable":true,"href":"https:\/\/funydeco.com\/es\/wp-json\/wp\/v2\/product_tag?post=6773"}],"curies":[{"name":"wp","href":"https:\/\/api.w.org\/{rel}","templated":true}]}}